{"id":286,"date":"2021-11-09T09:23:48","date_gmt":"2021-11-09T08:23:48","guid":{"rendered":"https:\/\/www.steyr-waldviertel.at\/?page_id=286"},"modified":"2026-02-20T08:36:01","modified_gmt":"2026-02-20T07:36:01","slug":"steyr-ersatzteile","status":"publish","type":"page","link":"https:\/\/www.steyr-waldviertel.at\/index.php\/steyr-ersatzteile\/","title":{"rendered":"After Sales"},"content":{"rendered":"\t\t<div data-elementor-type=\"wp-page\" data-elementor-id=\"286\" class=\"elementor elementor-286\" data-elementor-post-type=\"page\">\n\t\t\t\t\t\t<section class=\"elementor-section elementor-top-section elementor-element elementor-element-760c5fe elementor-section-boxed elementor-section-height-default elementor-section-height-default\" data-id=\"760c5fe\" data-element_type=\"section\" data-e-type=\"section\">\n\t\t\t\t\t\t<div class=\"elementor-container elementor-column-gap-default\">\n\t\t\t\t\t<div class=\"elementor-column elementor-col-100 elementor-top-column elementor-element elementor-element-1781ea7\" data-id=\"1781ea7\" data-element_type=\"column\" data-e-type=\"column\">\n\t\t\t<div class=\"elementor-widget-wrap elementor-element-populated\">\n\t\t\t\t\t\t<div class=\"elementor-element elementor-element-4bbf0a5 elementor-widget elementor-widget-heading\" data-id=\"4bbf0a5\" data-element_type=\"widget\" data-e-type=\"widget\" data-widget_type=\"heading.default\">\n\t\t\t\t<div class=\"elementor-widget-container\">\n\t\t\t\t\t<h2 class=\"elementor-heading-title elementor-size-default\">STEYR Ersatzteil-Service<\/h2>\t\t\t\t<\/div>\n\t\t\t\t<\/div>\n\t\t\t\t\t<\/div>\n\t\t<\/div>\n\t\t\t\t\t<\/div>\n\t\t<\/section>\n\t\t\t\t<section class=\"elementor-section elementor-top-section elementor-element elementor-element-ac41a46 elementor-section-boxed elementor-section-height-default elementor-section-height-default\" data-id=\"ac41a46\" data-element_type=\"section\" data-e-type=\"section\">\n\t\t\t\t\t\t<div class=\"elementor-container elementor-column-gap-default\">\n\t\t\t\t\t<div class=\"elementor-column elementor-col-100 elementor-top-column elementor-element elementor-element-dd5b66b\" data-id=\"dd5b66b\" data-element_type=\"column\" data-e-type=\"column\">\n\t\t\t<div class=\"elementor-widget-wrap elementor-element-populated\">\n\t\t\t\t\t\t<div class=\"elementor-element elementor-element-e247302 elementor-widget elementor-widget-text-editor\" data-id=\"e247302\" data-element_type=\"widget\" data-e-type=\"widget\" data-widget_type=\"text-editor.default\">\n\t\t\t\t<div class=\"elementor-widget-container\">\n\t\t\t\t\t\t\t\t\t<h5 style=\"text-align: center;\">Ersatzteil-Abholstandorte im Lagerhaus Gm\u00fcnd-Vitis<\/h5><p style=\"text-align: center;\"><strong>Albrechtser Stra\u00dfe 3, 3950 Gm\u00fcnd<\/strong><br \/>+43 2852 537 72 167<\/p><p style=\"text-align: center;\"><strong>Zwettlerstra\u00dfe 133, 3970 Weitra<\/strong><br \/>+43 2856 2051 414<\/p><p style=\"text-align: center;\"><strong>Raiffeisenstra\u00dfe 62, 3862 Eisgarn<\/strong><br \/>+43 2863 237<\/p><p style=\"text-align: center;\"><strong>Raiffeisenstra\u00dfe 19, 3902 Vitis<\/strong><br \/>+43 2841 8265<\/p>\t\t\t\t\t\t\t\t<\/div>\n\t\t\t\t<\/div>\n\t\t\t\t<div class=\"elementor-element elementor-element-677f370 elementor-widget elementor-widget-heading\" data-id=\"677f370\" data-element_type=\"widget\" data-e-type=\"widget\" data-widget_type=\"heading.default\">\n\t\t\t\t<div class=\"elementor-widget-container\">\n\t\t\t\t\t<h5 class=\"elementor-heading-title elementor-size-default\">TEILE AKTUELL<\/h5>\t\t\t\t<\/div>\n\t\t\t\t<\/div>\n\t\t\t\t<div class=\"elementor-element elementor-element-ea09a2b elementor-widget elementor-widget-text-editor\" data-id=\"ea09a2b\" data-element_type=\"widget\" data-e-type=\"widget\" data-widget_type=\"text-editor.default\">\n\t\t\t\t<div class=\"elementor-widget-container\">\n\t\t\t\t\t\t\t\t\t<p style=\"text-align: center;\">Willkommen bei TEILE AKTUELL, dem Online-Magazin f\u00fcr alle STEYR-Fans und Partner. TEILE AKTUELL ist Dein Magazin f\u00fcr Teile, Service und Zubeh\u00f6r. <br \/>In der \u00dcbersicht findest Du alle Ausgaben auf einen Blick.<\/p>\t\t\t\t\t\t\t\t<\/div>\n\t\t\t\t<\/div>\n\t\t\t\t<div class=\"elementor-element elementor-element-89b7890 elementor-align-center elementor-widget elementor-widget-button\" data-id=\"89b7890\" data-element_type=\"widget\" data-e-type=\"widget\" data-widget_type=\"button.default\">\n\t\t\t\t<div class=\"elementor-widget-container\">\n\t\t\t\t\t\t\t\t\t<div class=\"elementor-button-wrapper\">\n\t\t\t\t\t<a class=\"elementor-button elementor-button-link elementor-size-md\" href=\"https:\/\/teileaktuell.steyr-traktoren.com\/de-at\/\" target=\"_blank\">\n\t\t\t\t\t\t<span class=\"elementor-button-content-wrapper\">\n\t\t\t\t\t\t\t\t\t<span class=\"elementor-button-text\">Hier geht's zum Onlinemagazin<\/span>\n\t\t\t\t\t<\/span>\n\t\t\t\t\t<\/a>\n\t\t\t\t<\/div>\n\t\t\t\t\t\t\t\t<\/div>\n\t\t\t\t<\/div>\n\t\t\t\t<div class=\"elementor-element elementor-element-f99f16e elementor-widget elementor-widget-spacer\" data-id=\"f99f16e\" data-element_type=\"widget\" data-e-type=\"widget\" data-widget_type=\"spacer.default\">\n\t\t\t\t<div class=\"elementor-widget-container\">\n\t\t\t\t\t\t\t<div class=\"elementor-spacer\">\n\t\t\t<div class=\"elementor-spacer-inner\"><\/div>\n\t\t<\/div>\n\t\t\t\t\t\t<\/div>\n\t\t\t\t<\/div>\n\t\t\t\t\t<\/div>\n\t\t<\/div>\n\t\t\t\t\t<\/div>\n\t\t<\/section>\n\t\t\t\t<section class=\"elementor-section elementor-top-section elementor-element elementor-element-2733d4f elementor-section-boxed elementor-section-height-default elementor-section-height-default\" data-id=\"2733d4f\" data-element_type=\"section\" data-e-type=\"section\">\n\t\t\t\t\t\t<div class=\"elementor-container elementor-column-gap-default\">\n\t\t\t\t\t<div class=\"elementor-column elementor-col-100 elementor-top-column elementor-element elementor-element-db98254\" data-id=\"db98254\" data-element_type=\"column\" data-e-type=\"column\">\n\t\t\t<div class=\"elementor-widget-wrap elementor-element-populated\">\n\t\t\t\t\t\t<div class=\"elementor-element elementor-element-ac2f7ce elementor-grid-3 elementor-grid-tablet-2 elementor-grid-mobile-1 elementor-posts--thumbnail-top elementor-card-shadow-yes elementor-posts__hover-gradient elementor-widget elementor-widget-posts\" data-id=\"ac2f7ce\" data-element_type=\"widget\" data-e-type=\"widget\" data-settings=\"{&quot;cards_columns&quot;:&quot;3&quot;,&quot;cards_columns_tablet&quot;:&quot;2&quot;,&quot;cards_columns_mobile&quot;:&quot;1&quot;,&quot;cards_row_gap&quot;:{&quot;unit&quot;:&quot;px&quot;,&quot;size&quot;:35,&quot;sizes&quot;:[]},&quot;cards_row_gap_tablet&quot;:{&quot;unit&quot;:&quot;px&quot;,&quot;size&quot;:&quot;&quot;,&quot;sizes&quot;:[]},&quot;cards_row_gap_mobile&quot;:{&quot;unit&quot;:&quot;px&quot;,&quot;size&quot;:&quot;&quot;,&quot;sizes&quot;:[]}}\" data-widget_type=\"posts.cards\">\n\t\t\t\t<div class=\"elementor-widget-container\">\n\t\t\t\t\t\t\t<div class=\"elementor-posts-container elementor-posts elementor-posts--skin-cards elementor-grid\" role=\"list\">\n\t\t\t\t<article class=\"elementor-post elementor-grid-item post-483 post type-post status-publish format-standard has-post-thumbnail hentry category-allgemein\" role=\"listitem\">\n\t\t\t<div class=\"elementor-post__card\">\n\t\t\t\t<a class=\"elementor-post__thumbnail__link\" href=\"https:\/\/www.steyr-waldviertel.at\/index.php\/batterien\/\" tabindex=\"-1\" ><div class=\"elementor-post__thumbnail\"><img fetchpriority=\"high\" decoding=\"async\" width=\"453\" height=\"218\" src=\"https:\/\/www.steyr-waldviertel.at\/wp-content\/uploads\/batterien.png\" class=\"attachment-full size-full wp-image-475\" alt=\"\" srcset=\"https:\/\/www.steyr-waldviertel.at\/wp-content\/uploads\/batterien.png 453w, https:\/\/www.steyr-waldviertel.at\/wp-content\/uploads\/batterien-300x144.png 300w\" sizes=\"(max-width: 453px) 100vw, 453px\" \/><\/div><\/a>\n\t\t\t\t<div class=\"elementor-post__text\">\n\t\t\t\t<h3 class=\"elementor-post__title\">\n\t\t\t<a href=\"https:\/\/www.steyr-waldviertel.at\/index.php\/batterien\/\" >\n\t\t\t\tBatterien\t\t\t<\/a>\n\t\t<\/h3>\n\t\t\n\t\t<a class=\"elementor-post__read-more\" href=\"https:\/\/www.steyr-waldviertel.at\/index.php\/batterien\/\" aria-label=\"Read more about Batterien\" tabindex=\"-1\" >\n\t\t\tMehr dazu \u00bb\t\t<\/a>\n\n\t\t\t\t<\/div>\n\t\t\t\t\t<\/div>\n\t\t<\/article>\n\t\t\t\t<article class=\"elementor-post elementor-grid-item post-473 post type-post status-publish format-standard has-post-thumbnail hentry category-allgemein\" role=\"listitem\">\n\t\t\t<div class=\"elementor-post__card\">\n\t\t\t\t<a class=\"elementor-post__thumbnail__link\" href=\"https:\/\/www.steyr-waldviertel.at\/index.php\/reman-austauschteile\/\" tabindex=\"-1\" ><div class=\"elementor-post__thumbnail\"><img decoding=\"async\" width=\"454\" height=\"218\" src=\"https:\/\/www.steyr-waldviertel.at\/wp-content\/uploads\/reman.jpg\" class=\"attachment-full size-full wp-image-476\" alt=\"\" srcset=\"https:\/\/www.steyr-waldviertel.at\/wp-content\/uploads\/reman.jpg 454w, https:\/\/www.steyr-waldviertel.at\/wp-content\/uploads\/reman-300x144.jpg 300w\" sizes=\"(max-width: 454px) 100vw, 454px\" \/><\/div><\/a>\n\t\t\t\t<div class=\"elementor-post__text\">\n\t\t\t\t<h3 class=\"elementor-post__title\">\n\t\t\t<a href=\"https:\/\/www.steyr-waldviertel.at\/index.php\/reman-austauschteile\/\" >\n\t\t\t\tREMAN Austauschteile\t\t\t<\/a>\n\t\t<\/h3>\n\t\t\n\t\t<a class=\"elementor-post__read-more\" href=\"https:\/\/www.steyr-waldviertel.at\/index.php\/reman-austauschteile\/\" aria-label=\"Read more about REMAN Austauschteile\" tabindex=\"-1\" >\n\t\t\tMehr dazu \u00bb\t\t<\/a>\n\n\t\t\t\t<\/div>\n\t\t\t\t\t<\/div>\n\t\t<\/article>\n\t\t\t\t<article class=\"elementor-post elementor-grid-item post-451 post type-post status-publish format-standard has-post-thumbnail hentry category-allgemein\" role=\"listitem\">\n\t\t\t<div class=\"elementor-post__card\">\n\t\t\t\t<a class=\"elementor-post__thumbnail__link\" href=\"https:\/\/www.steyr-waldviertel.at\/index.php\/winterservice\/\" tabindex=\"-1\" ><div class=\"elementor-post__thumbnail\"><img decoding=\"async\" width=\"454\" height=\"218\" src=\"https:\/\/www.steyr-waldviertel.at\/wp-content\/uploads\/winterservice.jpg\" class=\"attachment-full size-full wp-image-453\" alt=\"\" srcset=\"https:\/\/www.steyr-waldviertel.at\/wp-content\/uploads\/winterservice.jpg 454w, https:\/\/www.steyr-waldviertel.at\/wp-content\/uploads\/winterservice-300x144.jpg 300w\" sizes=\"(max-width: 454px) 100vw, 454px\" \/><\/div><\/a>\n\t\t\t\t<div class=\"elementor-post__text\">\n\t\t\t\t<h3 class=\"elementor-post__title\">\n\t\t\t<a href=\"https:\/\/www.steyr-waldviertel.at\/index.php\/winterservice\/\" >\n\t\t\t\tWinterservice\t\t\t<\/a>\n\t\t<\/h3>\n\t\t\n\t\t<a class=\"elementor-post__read-more\" href=\"https:\/\/www.steyr-waldviertel.at\/index.php\/winterservice\/\" aria-label=\"Read more about Winterservice\" tabindex=\"-1\" >\n\t\t\tMehr dazu \u00bb\t\t<\/a>\n\n\t\t\t\t<\/div>\n\t\t\t\t\t<\/div>\n\t\t<\/article>\n\t\t\t\t<article class=\"elementor-post elementor-grid-item post-433 post type-post status-publish format-standard has-post-thumbnail hentry category-allgemein\" role=\"listitem\">\n\t\t\t<div class=\"elementor-post__card\">\n\t\t\t\t<a class=\"elementor-post__thumbnail__link\" href=\"https:\/\/www.steyr-waldviertel.at\/index.php\/zooms\/\" tabindex=\"-1\" ><div class=\"elementor-post__thumbnail\"><img loading=\"lazy\" decoding=\"async\" width=\"605\" height=\"301\" src=\"https:\/\/www.steyr-waldviertel.at\/wp-content\/uploads\/zooms.png\" class=\"attachment-full size-full wp-image-435\" alt=\"\" srcset=\"https:\/\/www.steyr-waldviertel.at\/wp-content\/uploads\/zooms.png 605w, https:\/\/www.steyr-waldviertel.at\/wp-content\/uploads\/zooms-300x149.png 300w\" sizes=\"(max-width: 605px) 100vw, 605px\" \/><\/div><\/a>\n\t\t\t\t<div class=\"elementor-post__text\">\n\t\t\t\t<h3 class=\"elementor-post__title\">\n\t\t\t<a href=\"https:\/\/www.steyr-waldviertel.at\/index.php\/zooms\/\" >\n\t\t\t\tZOOMs\t\t\t<\/a>\n\t\t<\/h3>\n\t\t\n\t\t<a class=\"elementor-post__read-more\" href=\"https:\/\/www.steyr-waldviertel.at\/index.php\/zooms\/\" aria-label=\"Read more about ZOOMs\" tabindex=\"-1\" >\n\t\t\tMehr dazu \u00bb\t\t<\/a>\n\n\t\t\t\t<\/div>\n\t\t\t\t\t<\/div>\n\t\t<\/article>\n\t\t\t\t<article class=\"elementor-post elementor-grid-item post-409 post type-post status-publish format-standard has-post-thumbnail hentry category-allgemein\" role=\"listitem\">\n\t\t\t<div class=\"elementor-post__card\">\n\t\t\t\t<a class=\"elementor-post__thumbnail__link\" href=\"https:\/\/www.steyr-waldviertel.at\/index.php\/filter\/\" tabindex=\"-1\" ><div class=\"elementor-post__thumbnail\"><img loading=\"lazy\" decoding=\"async\" width=\"845\" height=\"406\" src=\"https:\/\/www.steyr-waldviertel.at\/wp-content\/uploads\/filter.png\" class=\"attachment-full size-full wp-image-383\" alt=\"\" srcset=\"https:\/\/www.steyr-waldviertel.at\/wp-content\/uploads\/filter.png 845w, https:\/\/www.steyr-waldviertel.at\/wp-content\/uploads\/filter-300x144.png 300w, https:\/\/www.steyr-waldviertel.at\/wp-content\/uploads\/filter-768x369.png 768w\" sizes=\"(max-width: 845px) 100vw, 845px\" \/><\/div><\/a>\n\t\t\t\t<div class=\"elementor-post__text\">\n\t\t\t\t<h3 class=\"elementor-post__title\">\n\t\t\t<a href=\"https:\/\/www.steyr-waldviertel.at\/index.php\/filter\/\" >\n\t\t\t\tFilter\t\t\t<\/a>\n\t\t<\/h3>\n\t\t\n\t\t<a class=\"elementor-post__read-more\" href=\"https:\/\/www.steyr-waldviertel.at\/index.php\/filter\/\" aria-label=\"Read more about Filter\" tabindex=\"-1\" >\n\t\t\tMehr dazu \u00bb\t\t<\/a>\n\n\t\t\t\t<\/div>\n\t\t\t\t\t<\/div>\n\t\t<\/article>\n\t\t\t\t<\/div>\n\t\t\n\t\t\t\t\t\t<\/div>\n\t\t\t\t<\/div>\n\t\t\t\t\t<\/div>\n\t\t<\/div>\n\t\t\t\t\t<\/div>\n\t\t<\/section>\n\t\t\t\t<\/div>\n\t\t","protected":false},"excerpt":{"rendered":"<p>STEYR Ersatzteil-Service Ersatzteil-Abholstandorte im Lagerhaus Gm\u00fcnd-Vitis Albrechtser Stra\u00dfe 3, 3950 Gm\u00fcnd+43 2852 537 72 167 Zwettlerstra\u00dfe 133, 3970 Weitra+43 2856 2051 414 Raiffeisenstra\u00dfe 62, 3862<\/p>\n","protected":false},"author":2,"featured_media":0,"parent":0,"menu_order":0,"comment_status":"closed","ping_status":"closed","template":"","meta":{"site-sidebar-layout":"no-sidebar","site-content-layout":"page-builder","ast-site-content-layout":"full-width-container","site-content-style":"unboxed","site-sidebar-style":"unboxed","ast-global-header-display":"","ast-banner-title-visibility":"","ast-main-header-display":"","ast-hfb-above-header-display":"","ast-hfb-below-header-display":"","ast-hfb-mobile-header-display":"","site-post-title":"disabled","ast-breadcrumbs-content":"","ast-featured-img":"disabled","footer-sml-layout":"","ast-disable-related-posts":"","theme-transparent-header-meta":"","adv-header-id-meta":"","stick-header-meta":"","header-above-stick-meta":"","header-main-stick-meta":"","header-below-stick-meta":"","astra-migrate-meta-layouts":"set","ast-page-background-enabled":"default","ast-page-background-meta":{"desktop":{"background-color":"","background-image":"","background-repeat":"repeat","background-position":"center center","background-size":"auto","background-attachment":"scroll","background-type":"","background-media":"","overlay-type":"","overlay-color":"","overlay-opacity":"","overlay-gradient":""},"tablet":{"background-color":"","background-image":"","background-repeat":"repeat","background-position":"center center","background-size":"auto","background-attachment":"scroll","background-type":"","background-media":"","overlay-type":"","overlay-color":"","overlay-opacity":"","overlay-gradient":""},"mobile":{"background-color":"","background-image":"","background-repeat":"repeat","background-position":"center center","background-size":"auto","background-attachment":"scroll","background-type":"","background-media":"","overlay-type":"","overlay-color":"","overlay-opacity":"","overlay-gradient":""}},"ast-content-background-meta":{"desktop":{"background-color":"var(--ast-global-color-5)","background-image":"","background-repeat":"repeat","background-position":"center center","background-size":"auto","background-attachment":"scroll","background-type":"","background-media":"","overlay-type":"","overlay-color":"","overlay-opacity":"","overlay-gradient":""},"tablet":{"background-color":"var(--ast-global-color-5)","background-image":"","background-repeat":"repeat","background-position":"center center","background-size":"auto","background-attachment":"scroll","background-type":"","background-media":"","overlay-type":"","overlay-color":"","overlay-opacity":"","overlay-gradient":""},"mobile":{"background-color":"var(--ast-global-color-5)","background-image":"","background-repeat":"repeat","background-position":"center center","background-size":"auto","background-attachment":"scroll","background-type":"","background-media":"","overlay-type":"","overlay-color":"","overlay-opacity":"","overlay-gradient":""}},"footnotes":""},"class_list":["post-286","page","type-page","status-publish","hentry"],"_links":{"self":[{"href":"https:\/\/www.steyr-waldviertel.at\/index.php\/wp-json\/wp\/v2\/pages\/286","targetHints":{"allow":["GET"]}}],"collection":[{"href":"https:\/\/www.steyr-waldviertel.at\/index.php\/wp-json\/wp\/v2\/pages"}],"about":[{"href":"https:\/\/www.steyr-waldviertel.at\/index.php\/wp-json\/wp\/v2\/types\/page"}],"author":[{"embeddable":true,"href":"https:\/\/www.steyr-waldviertel.at\/index.php\/wp-json\/wp\/v2\/users\/2"}],"replies":[{"embeddable":true,"href":"https:\/\/www.steyr-waldviertel.at\/index.php\/wp-json\/wp\/v2\/comments?post=286"}],"version-history":[{"count":69,"href":"https:\/\/www.steyr-waldviertel.at\/index.php\/wp-json\/wp\/v2\/pages\/286\/revisions"}],"predecessor-version":[{"id":1050,"href":"https:\/\/www.steyr-waldviertel.at\/index.php\/wp-json\/wp\/v2\/pages\/286\/revisions\/1050"}],"wp:attachment":[{"href":"https:\/\/www.steyr-waldviertel.at\/index.php\/wp-json\/wp\/v2\/media?parent=286"}],"curies":[{"name":"wp","href":"https:\/\/api.w.org\/{rel}","templated":true}]}}